{"id":6189,"date":"2021-11-12T16:42:48","date_gmt":"2021-11-12T16:42:48","guid":{"rendered":"https:\/\/aanb.m5i.com\/growing-your-farm\/"},"modified":"2022-06-03T18:41:40","modified_gmt":"2022-06-03T18:41:40","slug":"developper-votre-entreprise-agricole","status":"publish","type":"page","link":"https:\/\/agrinb.ca\/fr\/developper-votre-entreprise-agricole\/","title":{"rendered":"D\u00e9velopper votre entreprise agricole"},"content":{"rendered":"[vc_row type=\u00a0\u00bbfull_width_background\u00a0\u00bb full_screen_row_position=\u00a0\u00bbmiddle\u00a0\u00bb column_margin=\u00a0\u00bbdefault\u00a0\u00bb column_direction=\u00a0\u00bbdefault\u00a0\u00bb column_direction_tablet=\u00a0\u00bbdefault\u00a0\u00bb column_direction_phone=\u00a0\u00bbdefault\u00a0\u00bb bg_image=\u00a0\u00bb5905&Prime; bg_position=\u00a0\u00bbcenter bottom\u00a0\u00bb background_image_loading=\u00a0\u00bbdefault\u00a0\u00bb bg_repeat=\u00a0\u00bbno-repeat\u00a0\u00bb scene_position=\u00a0\u00bbcenter\u00a0\u00bb text_color=\u00a0\u00bblight\u00a0\u00bb text_align=\u00a0\u00bbcenter\u00a0\u00bb row_border_radius=\u00a0\u00bbnone\u00a0\u00bb row_border_radius_applies=\u00a0\u00bbbg\u00a0\u00bb id=\u00a0\u00bbpage-banner\u00a0\u00bb overlay_strength=\u00a0\u00bb0.3&Prime; gradient_direction=\u00a0\u00bbleft_to_right\u00a0\u00bb shape_divider_position=\u00a0\u00bbbottom\u00a0\u00bb bg_image_animation=\u00a0\u00bbnone\u00a0\u00bb shape_type=\u00a0\u00bb\u00a0\u00bb][vc_column column_padding=\u00a0\u00bbno-extra-padding\u00a0\u00bb column_padding_tablet=\u00a0\u00bbinherit\u00a0\u00bb column_padding_phone=\u00a0\u00bbinherit\u00a0\u00bb column_padding_position=\u00a0\u00bball\u00a0\u00bb column_element_spacing=\u00a0\u00bbdefault\u00a0\u00bb background_color_opacity=\u00a0\u00bb1&Prime; background_hover_color_opacity=\u00a0\u00bb1&Prime; column_shadow=\u00a0\u00bbnone\u00a0\u00bb column_border_radius=\u00a0\u00bbnone\u00a0\u00bb column_link_target=\u00a0\u00bb_self\u00a0\u00bb gradient_direction=\u00a0\u00bbleft_to_right\u00a0\u00bb overlay_strength=\u00a0\u00bb0.3&Prime; width=\u00a0\u00bb1\/1&Prime; tablet_width_inherit=\u00a0\u00bbdefault\u00a0\u00bb tablet_text_alignment=\u00a0\u00bbdefault\u00a0\u00bb phone_text_alignment=\u00a0\u00bbdefault\u00a0\u00bb bg_image_animation=\u00a0\u00bbnone\u00a0\u00bb border_type=\u00a0\u00bbsimple\u00a0\u00bb column_border_width=\u00a0\u00bbnone\u00a0\u00bb column_border_style=\u00a0\u00bbsolid\u00a0\u00bb][vc_column_text]\n<h1 class=\"\">D\u00e9velopper votre entreprise agricole<\/h1>\n<p>Vous avez besoin de plus de main-d\u2019\u0153uvre? Plus de comp\u00e9tence? D\u2019augmenter votre production? <strong>Quels que soient vos besoins, les ressources suivantes vous aideront \u00e0 assurer le succ\u00e8s de votre entreprise agricole.<\/strong>[\/vc_column_text][\/vc_column][\/vc_row][vc_row type=\u00a0\u00bbin_container\u00a0\u00bb full_screen_row_position=\u00a0\u00bbmiddle\u00a0\u00bb column_margin=\u00a0\u00bbdefault\u00a0\u00bb column_direction=\u00a0\u00bbdefault\u00a0\u00bb column_direction_tablet=\u00a0\u00bbdefault\u00a0\u00bb column_direction_phone=\u00a0\u00bbdefault\u00a0\u00bb scene_position=\u00a0\u00bbcenter\u00a0\u00bb text_color=\u00a0\u00bbdark\u00a0\u00bb text_align=\u00a0\u00bbcenter\u00a0\u00bb row_border_radius=\u00a0\u00bbnone\u00a0\u00bb row_border_radius_applies=\u00a0\u00bbbg\u00a0\u00bb class=\u00a0\u00bbsubpage-main section-card1&Prime; overlay_strength=\u00a0\u00bb0.3&Prime; gradient_direction=\u00a0\u00bbleft_to_right\u00a0\u00bb shape_divider_position=\u00a0\u00bbbottom\u00a0\u00bb bg_image_animation=\u00a0\u00bbnone\u00a0\u00bb shape_type=\u00a0\u00bb\u00a0\u00bb][vc_column column_padding=\u00a0\u00bbno-extra-padding\u00a0\u00bb column_padding_tablet=\u00a0\u00bbinherit\u00a0\u00bb column_padding_phone=\u00a0\u00bbinherit\u00a0\u00bb column_padding_position=\u00a0\u00bball\u00a0\u00bb column_element_spacing=\u00a0\u00bbdefault\u00a0\u00bb background_color_opacity=\u00a0\u00bb1&Prime; background_hover_color_opacity=\u00a0\u00bb1&Prime; column_shadow=\u00a0\u00bbnone\u00a0\u00bb column_border_radius=\u00a0\u00bbnone\u00a0\u00bb column_link_target=\u00a0\u00bb_self\u00a0\u00bb gradient_direction=\u00a0\u00bbleft_to_right\u00a0\u00bb overlay_strength=\u00a0\u00bb0.3&Prime; width=\u00a0\u00bb1\/1&Prime; tablet_width_inherit=\u00a0\u00bbdefault\u00a0\u00bb tablet_text_alignment=\u00a0\u00bbdefault\u00a0\u00bb phone_text_alignment=\u00a0\u00bbdefault\u00a0\u00bb bg_image_animation=\u00a0\u00bbnone\u00a0\u00bb border_type=\u00a0\u00bbsimple\u00a0\u00bb column_border_width=\u00a0\u00bbnone\u00a0\u00bb column_border_style=\u00a0\u00bbsolid\u00a0\u00bb][vc_custom_heading text=\u00a0\u00bbAssurer la prosp\u00e9rit\u00e9 de votre entreprise agricole.\u00a0\u00bb font_container=\u00a0\u00bbtag:h2|text_align:center\u00a0\u00bb use_theme_fonts=\u00a0\u00bbyes\u00a0\u00bb]\n<div id=\"interactive-banner-1-wrap-6779\" class=\"ult-banner-block ult-adjust-bottom-margin ult-bb-more  banner-style01 \"   style=\"\">\n\t<img decoding=\"async\" src=\"https:\/\/agrinb.ca\/wp-content\/uploads\/2022\/02\/grow-workforce.png\" alt=\"null\">\n\t<h5  data-ultimate-target='#interactive-banner-1-wrap-6779 .bb-top-title '  data-responsive-json-new='{\"font-size\":\"\",\"line-height\":\"\"}'  class=\"title-left bb-top-title ult-responsive\" style=\"font-weight:normal;color:#ffffff;\">Recrutez de la main-d\u2019\u0153uvre.<\/h5>\n\t<div class=\"mask opaque-background\" style=\"background:rgba(101,166,74,0.9);\">\n\t\t<div  data-ultimate-target='#interactive-banner-1-wrap-6779 .bb-description'  data-responsive-json-new='{\"font-size\":\"\",\"line-height\":\"\"}'  class=\"bb-description ult-responsive\" style=\"font-weight:normal;color:#ffffff;\">Trouvez des employ\u00e9s qualifi\u00e9s et comp\u00e9tents pour pourvoir les postes vacants.<\/div>\n\t\t<a class=\"bb-link\" href=\"\/fr\/developper-votre-entreprise-agricole\/main-doeuvre\/\"  style=\"background:#242424;color:#ffffff;\">Recrutez du nouveau personnel<\/a>\n\t<\/div>\n<\/div>\n<div id=\"interactive-banner-1-wrap-2471\" class=\"ult-banner-block ult-adjust-bottom-margin ult-bb-more  banner-style01 \"   style=\"\">\n\t<img decoding=\"async\" src=\"https:\/\/agrinb.ca\/wp-content\/uploads\/2022\/02\/grow-production.png\" alt=\"null\">\n\t<h5  data-ultimate-target='#interactive-banner-1-wrap-2471 .bb-top-title '  data-responsive-json-new='{\"font-size\":\"\",\"line-height\":\"\"}'  class=\"title-left bb-top-title ult-responsive\" style=\"font-weight:normal;color:#ffffff;\">Augmentez votre production.<\/h5>\n\t<div class=\"mask opaque-background\" style=\"background:rgba(101,166,74,0.9);\">\n\t\t<div  data-ultimate-target='#interactive-banner-1-wrap-2471 .bb-description'  data-responsive-json-new='{\"font-size\":\"\",\"line-height\":\"\"}'  class=\"bb-description ult-responsive\" style=\"font-weight:normal;color:#ffffff;\">Que ce soit pour du soutien en ressources humaines, en financement ou autre, ces outils vous aideront \u00e0 augmenter la production de votre entreprise agricole.<\/div>\n\t\t<a class=\"bb-link\" href=\"\/fr\/developper-votre-entreprise-agricole\/production\/\"  style=\"background:#242424;color:#ffffff;\">D\u00e9couvrez de nouvelles possibilit\u00e9s<\/a>\n\t<\/div>\n<\/div>[\/vc_column][\/vc_row]\n","protected":false},"excerpt":{"rendered":"<p>[vc_row type=\u00a0\u00bbfull_width_background\u00a0\u00bb full_screen_row_position=\u00a0\u00bbmiddle\u00a0\u00bb column_margin=\u00a0\u00bbdefault\u00a0\u00bb column_direction=\u00a0\u00bbdefault\u00a0\u00bb column_direction_tablet=\u00a0\u00bbdefault\u00a0\u00bb column_direction_phone=\u00a0\u00bbdefault\u00a0\u00bb bg_image=\u00a0\u00bb5905&Prime; bg_position=\u00a0\u00bbcenter bottom\u00a0\u00bb background_image_loading=\u00a0\u00bbdefault\u00a0\u00bb bg_repeat=\u00a0\u00bbno-repeat\u00a0\u00bb scene_position=\u00a0\u00bbcenter\u00a0\u00bb text_color=\u00a0\u00bblight\u00a0\u00bb text_align=\u00a0\u00bbcenter\u00a0\u00bb row_border_radius=\u00a0\u00bbnone\u00a0\u00bb row_border_radius_applies=\u00a0\u00bbbg\u00a0\u00bb id=\u00a0\u00bbpage-banner\u00a0\u00bb overlay_strength=\u00a0\u00bb0.3&Prime; gradient_direction=\u00a0\u00bbleft_to_right\u00a0\u00bb shape_divider_position=\u00a0\u00bbbottom\u00a0\u00bb bg_image_animation=\u00a0\u00bbnone\u00a0\u00bb shape_type=\u00a0\u00bb\u00a0\u00bb][vc_column column_padding=\u00a0\u00bbno-extra-padding\u00a0\u00bb column_padding_tablet=\u00a0\u00bbinherit\u00a0\u00bb&#8230;<\/p>\n","protected":false},"author":6,"featured_media":0,"parent":0,"menu_order":0,"comment_status":"closed","ping_status":"closed","template":"","meta":{"_editorskit_title_hidden":false,"_editorskit_reading_time":0,"_editorskit_is_block_options_detached":false,"_editorskit_block_options_position":"{}","footnotes":""},"class_list":["post-6189","page","type-page","status-publish"],"_links":{"self":[{"href":"https:\/\/agrinb.ca\/fr\/wp-json\/wp\/v2\/pages\/6189","targetHints":{"allow":["GET"]}}],"collection":[{"href":"https:\/\/agrinb.ca\/fr\/wp-json\/wp\/v2\/pages"}],"about":[{"href":"https:\/\/agrinb.ca\/fr\/wp-json\/wp\/v2\/types\/page"}],"author":[{"embeddable":true,"href":"https:\/\/agrinb.ca\/fr\/wp-json\/wp\/v2\/users\/6"}],"replies":[{"embeddable":true,"href":"https:\/\/agrinb.ca\/fr\/wp-json\/wp\/v2\/comments?post=6189"}],"version-history":[{"count":4,"href":"https:\/\/agrinb.ca\/fr\/wp-json\/wp\/v2\/pages\/6189\/revisions"}],"predecessor-version":[{"id":8208,"href":"https:\/\/agrinb.ca\/fr\/wp-json\/wp\/v2\/pages\/6189\/revisions\/8208"}],"wp:attachment":[{"href":"https:\/\/agrinb.ca\/fr\/wp-json\/wp\/v2\/media?parent=6189"}],"curies":[{"name":"wp","href":"https:\/\/api.w.org\/{rel}","templated":true}]}}