{"id":6369,"date":"2021-12-02T18:37:03","date_gmt":"2021-12-02T18:37:03","guid":{"rendered":"https:\/\/aanb.m5i.com\/carrieres-en-agriculture\/education\/"},"modified":"2022-02-16T15:13:33","modified_gmt":"2022-02-16T15:13:33","slug":"education","status":"publish","type":"page","link":"https:\/\/agrinb.ca\/fr\/carrieres-en-agriculture\/education\/","title":{"rendered":"\u00c9ducation"},"content":{"rendered":"[vc_row type=\u00a0\u00bbfull_width_background\u00a0\u00bb full_screen_row_position=\u00a0\u00bbmiddle\u00a0\u00bb column_margin=\u00a0\u00bbdefault\u00a0\u00bb column_direction=\u00a0\u00bbdefault\u00a0\u00bb column_direction_tablet=\u00a0\u00bbdefault\u00a0\u00bb column_direction_phone=\u00a0\u00bbdefault\u00a0\u00bb bg_image=\u00a0\u00bb6033&Prime; bg_position=\u00a0\u00bbcenter bottom\u00a0\u00bb background_image_loading=\u00a0\u00bbdefault\u00a0\u00bb bg_repeat=\u00a0\u00bbno-repeat\u00a0\u00bb scene_position=\u00a0\u00bbcenter\u00a0\u00bb text_color=\u00a0\u00bblight\u00a0\u00bb text_align=\u00a0\u00bbcenter\u00a0\u00bb row_border_radius=\u00a0\u00bbnone\u00a0\u00bb row_border_radius_applies=\u00a0\u00bbbg\u00a0\u00bb class=\u00a0\u00bbbanner-level2&Prime; id=\u00a0\u00bbpage-banner\u00a0\u00bb overlay_strength=\u00a0\u00bb0.3&Prime; gradient_direction=\u00a0\u00bbleft_to_right\u00a0\u00bb shape_divider_position=\u00a0\u00bbbottom\u00a0\u00bb bg_image_animation=\u00a0\u00bbnone\u00a0\u00bb shape_type=\u00a0\u00bb\u00a0\u00bb][vc_column column_padding=\u00a0\u00bbno-extra-padding\u00a0\u00bb column_padding_tablet=\u00a0\u00bbinherit\u00a0\u00bb column_padding_phone=\u00a0\u00bbinherit\u00a0\u00bb column_padding_position=\u00a0\u00bball\u00a0\u00bb column_element_spacing=\u00a0\u00bbdefault\u00a0\u00bb background_color_opacity=\u00a0\u00bb1&Prime; background_hover_color_opacity=\u00a0\u00bb1&Prime; column_shadow=\u00a0\u00bbnone\u00a0\u00bb column_border_radius=\u00a0\u00bbnone\u00a0\u00bb column_link_target=\u00a0\u00bb_self\u00a0\u00bb gradient_direction=\u00a0\u00bbleft_to_right\u00a0\u00bb overlay_strength=\u00a0\u00bb0.3&Prime; width=\u00a0\u00bb1\/1&Prime; tablet_width_inherit=\u00a0\u00bbdefault\u00a0\u00bb tablet_text_alignment=\u00a0\u00bbdefault\u00a0\u00bb phone_text_alignment=\u00a0\u00bbdefault\u00a0\u00bb bg_image_animation=\u00a0\u00bbnone\u00a0\u00bb border_type=\u00a0\u00bbsimple\u00a0\u00bb column_border_width=\u00a0\u00bbnone\u00a0\u00bb column_border_style=\u00a0\u00bbsolid\u00a0\u00bb][vc_column_text]\n<h1 class=>\u00c9ducation<\/h1>\n[\/vc_column_text][\/vc_column][\/vc_row][vc_row type=\u00a0\u00bbin_container\u00a0\u00bb full_screen_row_position=\u00a0\u00bbmiddle\u00a0\u00bb column_margin=\u00a0\u00bbdefault\u00a0\u00bb column_direction=\u00a0\u00bbdefault\u00a0\u00bb column_direction_tablet=\u00a0\u00bbdefault\u00a0\u00bb column_direction_phone=\u00a0\u00bbdefault\u00a0\u00bb scene_position=\u00a0\u00bbcenter\u00a0\u00bb text_color=\u00a0\u00bbdark\u00a0\u00bb text_align=\u00a0\u00bbcenter\u00a0\u00bb row_border_radius=\u00a0\u00bbnone\u00a0\u00bb row_border_radius_applies=\u00a0\u00bbbg\u00a0\u00bb class=\u00a0\u00bbsubpage-main subpage-level2&Prime; overlay_strength=\u00a0\u00bb0.3&Prime; gradient_direction=\u00a0\u00bbleft_to_right\u00a0\u00bb shape_divider_position=\u00a0\u00bbbottom\u00a0\u00bb bg_image_animation=\u00a0\u00bbnone\u00a0\u00bb shape_type=\u00a0\u00bb\u00a0\u00bb][vc_column column_padding=\u00a0\u00bbno-extra-padding\u00a0\u00bb column_padding_tablet=\u00a0\u00bbinherit\u00a0\u00bb column_padding_phone=\u00a0\u00bbinherit\u00a0\u00bb column_padding_position=\u00a0\u00bball\u00a0\u00bb column_element_spacing=\u00a0\u00bbdefault\u00a0\u00bb background_color_opacity=\u00a0\u00bb1&Prime; background_hover_color_opacity=\u00a0\u00bb1&Prime; column_shadow=\u00a0\u00bbnone\u00a0\u00bb column_border_radius=\u00a0\u00bbnone\u00a0\u00bb column_link_target=\u00a0\u00bb_self\u00a0\u00bb gradient_direction=\u00a0\u00bbleft_to_right\u00a0\u00bb overlay_strength=\u00a0\u00bb0.3&Prime; width=\u00a0\u00bb1\/1&Prime; tablet_width_inherit=\u00a0\u00bbdefault\u00a0\u00bb tablet_text_alignment=\u00a0\u00bbdefault\u00a0\u00bb phone_text_alignment=\u00a0\u00bbdefault\u00a0\u00bb bg_image_animation=\u00a0\u00bbnone\u00a0\u00bb border_type=\u00a0\u00bbsimple\u00a0\u00bb column_border_width=\u00a0\u00bbnone\u00a0\u00bb column_border_style=\u00a0\u00bbsolid\u00a0\u00bb][vc_custom_heading text=\u00a0\u00bbVous souhaitez cultiver vos connaissances?\u00a0\u00bb font_container=\u00a0\u00bbtag:h2|text_align:center\u00a0\u00bb use_theme_fonts=\u00a0\u00bbyes\u00a0\u00bb][vc_column_text]Suivez la formation qui fera \u00e9clore votre carri\u00e8re en agriculture.[\/vc_column_text][vc_row_inner column_margin=\u00a0\u00bbdefault\u00a0\u00bb column_direction=\u00a0\u00bbdefault\u00a0\u00bb column_direction_tablet=\u00a0\u00bbdefault\u00a0\u00bb column_direction_phone=\u00a0\u00bbdefault\u00a0\u00bb text_align=\u00a0\u00bbleft\u00a0\u00bb class=\u00a0\u00bbsection-card2&Prime;][vc_column_inner column_padding=\u00a0\u00bbno-extra-padding\u00a0\u00bb column_padding_tablet=\u00a0\u00bbinherit\u00a0\u00bb column_padding_phone=\u00a0\u00bbinherit\u00a0\u00bb column_padding_position=\u00a0\u00bball\u00a0\u00bb column_element_spacing=\u00a0\u00bbdefault\u00a0\u00bb background_color_opacity=\u00a0\u00bb1&Prime; background_hover_color_opacity=\u00a0\u00bb1&Prime; column_shadow=\u00a0\u00bbnone\u00a0\u00bb column_border_radius=\u00a0\u00bbnone\u00a0\u00bb column_link_target=\u00a0\u00bb_self\u00a0\u00bb el_class=\u00a0\u00bbflex-container cols-3&Prime; gradient_direction=\u00a0\u00bbleft_to_right\u00a0\u00bb overlay_strength=\u00a0\u00bb0.3&Prime; width=\u00a0\u00bb1\/1&Prime; tablet_width_inherit=\u00a0\u00bbdefault\u00a0\u00bb bg_image_animation=\u00a0\u00bbnone\u00a0\u00bb border_type=\u00a0\u00bbsimple\u00a0\u00bb column_border_width=\u00a0\u00bbnone\u00a0\u00bb column_border_style=\u00a0\u00bbsolid\u00a0\u00bb]\n<div id=\"interactive-banner-1-wrap-7028\" class=\"ult-banner-block ult-adjust-bottom-margin ult-bb-more  banner-style01 short-line-height\"   style=\"\">\n\t<img decoding=\"async\" src=\"https:\/\/agrinb.ca\/wp-content\/uploads\/2022\/02\/education-college-programs.png\" alt=\"null\">\n\t<h5  data-ultimate-target='#interactive-banner-1-wrap-7028 .bb-top-title '  data-responsive-json-new='{\"font-size\":\"\",\"line-height\":\"\"}'  class=\"title-left bb-top-title ult-responsive\" style=\"font-weight:normal;color:#ffffff;\">Programmes coll\u00e9giaux<\/h5>\n\t<div class=\"mask opaque-background\" style=\"background:rgba(101,166,74,0.9);\">\n\t\t<div  data-ultimate-target='#interactive-banner-1-wrap-7028 .bb-description'  data-responsive-json-new='{\"font-size\":\"\",\"line-height\":\"\"}'  class=\"bb-description ult-responsive\" style=\"font-weight:normal;color:#ffffff;\">Les coll\u00e8ges du Canada atlantique offrent une vaste gamme de programmes li\u00e9s \u00e0 l\u2019agriculture. Voyez ce qui est offert.<\/div>\n\t\t<a class=\"bb-link\" href=\"\/fr\/carrieres-en-agriculture\/education\/programmes-collegiaux\/\"  style=\"background:;color:;\">D\u00e9couvrez les programmes<\/a>\n\t<\/div>\n<\/div>\n<div id=\"interactive-banner-1-wrap-4142\" class=\"ult-banner-block ult-adjust-bottom-margin ult-bb-more  banner-style01 short-line-height\"   style=\"\">\n\t<img decoding=\"async\" src=\"https:\/\/agrinb.ca\/wp-content\/uploads\/2022\/02\/education-community-education.png\" alt=\"null\">\n\t<h5  data-ultimate-target='#interactive-banner-1-wrap-4142 .bb-top-title '  data-responsive-json-new='{\"font-size\":\"\",\"line-height\":\"\"}'  class=\"title-left bb-top-title ult-responsive\" style=\"font-weight:normal;color:#ffffff;\">\u00c9ducation communautaire<\/h5>\n\t<div class=\"mask opaque-background\" style=\"background:rgba(101,166,74,0.9);\">\n\t\t<div  data-ultimate-target='#interactive-banner-1-wrap-4142 .bb-description'  data-responsive-json-new='{\"font-size\":\"\",\"line-height\":\"\"}'  class=\"bb-description ult-responsive\" style=\"font-weight:normal;color:#ffffff;\">Cultivez vos connaissances et vos comp\u00e9tences en mati\u00e8re d\u2019agriculture gr\u00e2ce \u00e0 ces initiatives d\u2019apprentissage et de d\u00e9veloppement communautaires.<\/div>\n\t\t<a class=\"bb-link\" href=\"https:\/\/www.hayesfarm.ca\/education\" target=\"_blank\" rel=\"noopener\"  style=\"background:;color:;\">D\u00e9couvrez les possibilit\u00e9s qui s\u2019offrent \u00e0 vous<\/a>\n\t<\/div>\n<\/div>\n<div id=\"interactive-banner-1-wrap-4508\" class=\"ult-banner-block ult-adjust-bottom-margin ult-bb-more  banner-style01 short-line-height\"   style=\"\">\n\t<img decoding=\"async\" src=\"https:\/\/agrinb.ca\/wp-content\/uploads\/2021\/12\/Job-Seekers-Pathway-416317.png\" alt=\"null\">\n\t<h5  data-ultimate-target='#interactive-banner-1-wrap-4508 .bb-top-title '  data-responsive-json-new='{\"font-size\":\"\",\"line-height\":\"\"}'  class=\"title-left bb-top-title ult-responsive\" style=\"font-weight:normal;color:#ffffff;\">Parcours professionnels<\/h5>\n\t<div class=\"mask opaque-background\" style=\"background:rgba(101,166,74,0.9);\">\n\t\t<div  data-ultimate-target='#interactive-banner-1-wrap-4508 .bb-description'  data-responsive-json-new='{\"font-size\":\"\",\"line-height\":\"\"}'  class=\"bb-description ult-responsive\" style=\"font-weight:normal;color:#ffffff;\">Vous souhaitez cultiver une carri\u00e8re dans l\u2019agriculture? D\u00e9couvrez alors tous les parcours qui s\u2019offrent \u00e0 vous.<\/div>\n\t\t<a class=\"bb-link\" href=\"https:\/\/thinkag.ca\/fr-ca\/eleves\" target=\"_blank\" rel=\"noopener\"  style=\"background:;color:;\">Commencez \u00e0 explorer<\/a>\n\t<\/div>\n<\/div>\n<div id=\"interactive-banner-1-wrap-6252\" class=\"ult-banner-block ult-adjust-bottom-margin ult-bb-more  banner-style01 short-line-height\"   style=\"\">\n\t<img decoding=\"async\" src=\"https:\/\/agrinb.ca\/wp-content\/uploads\/2022\/02\/education-new-entrants.png\" alt=\"null\">\n\t<h5  data-ultimate-target='#interactive-banner-1-wrap-6252 .bb-top-title '  data-responsive-json-new='{\"font-size\":\"\",\"line-height\":\"\"}'  class=\"title-left bb-top-title ult-responsive\" style=\"font-weight:normal;color:#ffffff;\">Nouveaux arrivants<\/h5>\n\t<div class=\"mask opaque-background\" style=\"background:rgba(101,166,74,0.9);\">\n\t\t<div  data-ultimate-target='#interactive-banner-1-wrap-6252 .bb-description'  data-responsive-json-new='{\"font-size\":\"\",\"line-height\":\"\"}'  class=\"bb-description ult-responsive\" style=\"font-weight:normal;color:#ffffff;\">Ce guide pratique s\u2019adresse \u00e0 toute personne souhaitant se lancer dans l\u2019agriculture au Nouveau-Brunswick. Vous y trouverez une multitude d\u2019informations qui vous aideront \u00e0 d\u00e9marrer votre entreprise agricole.<\/div>\n\t\t<a class=\"bb-link\" href=\"\/fr\/formation-et-developpement\/les-nouveaux-arrivants\/\"  style=\"background:;color:;\">Consultez le guide<\/a>\n\t<\/div>\n<\/div>[\/vc_column_inner][\/vc_row_inner][\/vc_column][\/vc_row]\n","protected":false},"excerpt":{"rendered":"<p>[vc_row type=\u00a0\u00bbfull_width_background\u00a0\u00bb full_screen_row_position=\u00a0\u00bbmiddle\u00a0\u00bb column_margin=\u00a0\u00bbdefault\u00a0\u00bb column_direction=\u00a0\u00bbdefault\u00a0\u00bb column_direction_tablet=\u00a0\u00bbdefault\u00a0\u00bb column_direction_phone=\u00a0\u00bbdefault\u00a0\u00bb bg_image=\u00a0\u00bb6033&Prime; bg_position=\u00a0\u00bbcenter bottom\u00a0\u00bb background_image_loading=\u00a0\u00bbdefault\u00a0\u00bb bg_repeat=\u00a0\u00bbno-repeat\u00a0\u00bb scene_position=\u00a0\u00bbcenter\u00a0\u00bb text_color=\u00a0\u00bblight\u00a0\u00bb text_align=\u00a0\u00bbcenter\u00a0\u00bb row_border_radius=\u00a0\u00bbnone\u00a0\u00bb row_border_radius_applies=\u00a0\u00bbbg\u00a0\u00bb class=\u00a0\u00bbbanner-level2&Prime; id=\u00a0\u00bbpage-banner\u00a0\u00bb overlay_strength=\u00a0\u00bb0.3&Prime; gradient_direction=\u00a0\u00bbleft_to_right\u00a0\u00bb shape_divider_position=\u00a0\u00bbbottom\u00a0\u00bb bg_image_animation=\u00a0\u00bbnone\u00a0\u00bb shape_type=\u00a0\u00bb\u00a0\u00bb][vc_column column_padding=\u00a0\u00bbno-extra-padding\u00a0\u00bb&#8230;<\/p>\n","protected":false},"author":6,"featured_media":0,"parent":6191,"menu_order":0,"comment_status":"closed","ping_status":"closed","template":"","meta":{"_editorskit_title_hidden":false,"_editorskit_reading_time":0,"_editorskit_is_block_options_detached":false,"_editorskit_block_options_position":"{}","footnotes":""},"class_list":["post-6369","page","type-page","status-publish"],"_links":{"self":[{"href":"https:\/\/agrinb.ca\/fr\/wp-json\/wp\/v2\/pages\/6369","targetHints":{"allow":["GET"]}}],"collection":[{"href":"https:\/\/agrinb.ca\/fr\/wp-json\/wp\/v2\/pages"}],"about":[{"href":"https:\/\/agrinb.ca\/fr\/wp-json\/wp\/v2\/types\/page"}],"author":[{"embeddable":true,"href":"https:\/\/agrinb.ca\/fr\/wp-json\/wp\/v2\/users\/6"}],"replies":[{"embeddable":true,"href":"https:\/\/agrinb.ca\/fr\/wp-json\/wp\/v2\/comments?post=6369"}],"version-history":[{"count":8,"href":"https:\/\/agrinb.ca\/fr\/wp-json\/wp\/v2\/pages\/6369\/revisions"}],"predecessor-version":[{"id":8051,"href":"https:\/\/agrinb.ca\/fr\/wp-json\/wp\/v2\/pages\/6369\/revisions\/8051"}],"up":[{"embeddable":true,"href":"https:\/\/agrinb.ca\/fr\/wp-json\/wp\/v2\/pages\/6191"}],"wp:attachment":[{"href":"https:\/\/agrinb.ca\/fr\/wp-json\/wp\/v2\/media?parent=6369"}],"curies":[{"name":"wp","href":"https:\/\/api.w.org\/{rel}","templated":true}]}}