{"id":6564,"date":"2021-11-23T15:35:14","date_gmt":"2021-11-23T15:35:14","guid":{"rendered":"https:\/\/aanb.m5i.com\/formation-et-developpement\/entrepreneurship-training\/"},"modified":"2022-02-16T15:15:25","modified_gmt":"2022-02-16T15:15:25","slug":"formation-en-entrepreneuriat","status":"publish","type":"page","link":"https:\/\/agrinb.ca\/fr\/formation-et-developpement\/formation-en-entrepreneuriat\/","title":{"rendered":"Formation en entrepreneuriat"},"content":{"rendered":"[vc_row type=\u00a0\u00bbfull_width_background\u00a0\u00bb full_screen_row_position=\u00a0\u00bbmiddle\u00a0\u00bb column_margin=\u00a0\u00bbdefault\u00a0\u00bb column_direction=\u00a0\u00bbdefault\u00a0\u00bb column_direction_tablet=\u00a0\u00bbdefault\u00a0\u00bb column_direction_phone=\u00a0\u00bbdefault\u00a0\u00bb bg_image=\u00a0\u00bb5904&Prime; bg_position=\u00a0\u00bbcenter bottom\u00a0\u00bb background_image_loading=\u00a0\u00bbdefault\u00a0\u00bb bg_repeat=\u00a0\u00bbno-repeat\u00a0\u00bb scene_position=\u00a0\u00bbcenter\u00a0\u00bb text_color=\u00a0\u00bblight\u00a0\u00bb text_align=\u00a0\u00bbcenter\u00a0\u00bb row_border_radius=\u00a0\u00bbnone\u00a0\u00bb row_border_radius_applies=\u00a0\u00bbbg\u00a0\u00bb class=\u00a0\u00bbbanner-level2&Prime; id=\u00a0\u00bbpage-banner\u00a0\u00bb overlay_strength=\u00a0\u00bb0.3&Prime; gradient_direction=\u00a0\u00bbleft_to_right\u00a0\u00bb shape_divider_position=\u00a0\u00bbbottom\u00a0\u00bb bg_image_animation=\u00a0\u00bbnone\u00a0\u00bb shape_type=\u00a0\u00bb\u00a0\u00bb][vc_column column_padding=\u00a0\u00bbno-extra-padding\u00a0\u00bb column_padding_tablet=\u00a0\u00bbinherit\u00a0\u00bb column_padding_phone=\u00a0\u00bbinherit\u00a0\u00bb column_padding_position=\u00a0\u00bball\u00a0\u00bb column_element_spacing=\u00a0\u00bbdefault\u00a0\u00bb background_color_opacity=\u00a0\u00bb1&Prime; background_hover_color_opacity=\u00a0\u00bb1&Prime; column_shadow=\u00a0\u00bbnone\u00a0\u00bb column_border_radius=\u00a0\u00bbnone\u00a0\u00bb column_link_target=\u00a0\u00bb_self\u00a0\u00bb gradient_direction=\u00a0\u00bbleft_to_right\u00a0\u00bb overlay_strength=\u00a0\u00bb0.3&Prime; width=\u00a0\u00bb1\/1&Prime; tablet_width_inherit=\u00a0\u00bbdefault\u00a0\u00bb tablet_text_alignment=\u00a0\u00bbdefault\u00a0\u00bb phone_text_alignment=\u00a0\u00bbdefault\u00a0\u00bb bg_image_animation=\u00a0\u00bbnone\u00a0\u00bb border_type=\u00a0\u00bbsimple\u00a0\u00bb column_border_width=\u00a0\u00bbnone\u00a0\u00bb column_border_style=\u00a0\u00bbsolid\u00a0\u00bb][vc_column_text]\n<h1 class=>Formation en entrepreneuriat<\/h1>\n[\/vc_column_text][\/vc_column][\/vc_row][vc_row type=\u00a0\u00bbin_container\u00a0\u00bb full_screen_row_position=\u00a0\u00bbmiddle\u00a0\u00bb column_margin=\u00a0\u00bbdefault\u00a0\u00bb column_direction=\u00a0\u00bbdefault\u00a0\u00bb column_direction_tablet=\u00a0\u00bbdefault\u00a0\u00bb column_direction_phone=\u00a0\u00bbdefault\u00a0\u00bb scene_position=\u00a0\u00bbcenter\u00a0\u00bb text_color=\u00a0\u00bbdark\u00a0\u00bb text_align=\u00a0\u00bbcenter\u00a0\u00bb row_border_radius=\u00a0\u00bbnone\u00a0\u00bb row_border_radius_applies=\u00a0\u00bbbg\u00a0\u00bb class=\u00a0\u00bbsubpage-main subpage-level2&Prime; overlay_strength=\u00a0\u00bb0.3&Prime; gradient_direction=\u00a0\u00bbleft_to_right\u00a0\u00bb shape_divider_position=\u00a0\u00bbbottom\u00a0\u00bb bg_image_animation=\u00a0\u00bbnone\u00a0\u00bb shape_type=\u00a0\u00bb\u00a0\u00bb][vc_column column_padding=\u00a0\u00bbno-extra-padding\u00a0\u00bb column_padding_tablet=\u00a0\u00bbinherit\u00a0\u00bb column_padding_phone=\u00a0\u00bbinherit\u00a0\u00bb column_padding_position=\u00a0\u00bball\u00a0\u00bb column_element_spacing=\u00a0\u00bbdefault\u00a0\u00bb background_color_opacity=\u00a0\u00bb1&Prime; background_hover_color_opacity=\u00a0\u00bb1&Prime; column_shadow=\u00a0\u00bbnone\u00a0\u00bb column_border_radius=\u00a0\u00bbnone\u00a0\u00bb column_link_target=\u00a0\u00bb_self\u00a0\u00bb gradient_direction=\u00a0\u00bbleft_to_right\u00a0\u00bb overlay_strength=\u00a0\u00bb0.3&Prime; width=\u00a0\u00bb1\/1&Prime; tablet_width_inherit=\u00a0\u00bbdefault\u00a0\u00bb tablet_text_alignment=\u00a0\u00bbdefault\u00a0\u00bb phone_text_alignment=\u00a0\u00bbdefault\u00a0\u00bb bg_image_animation=\u00a0\u00bbnone\u00a0\u00bb border_type=\u00a0\u00bbsimple\u00a0\u00bb column_border_width=\u00a0\u00bbnone\u00a0\u00bb column_border_style=\u00a0\u00bbsolid\u00a0\u00bb][vc_custom_heading text=\u00a0\u00bbCultivez vos comp\u00e9tences en affaires.\u00a0\u00bb font_container=\u00a0\u00bbtag:h2|text_align:center\u00a0\u00bb use_theme_fonts=\u00a0\u00bbyes\u00a0\u00bb][vc_column_text]<span style=\"font-weight: 400;\">Faire carri\u00e8re dans l\u2019agriculture n\u00e9cessite un large \u00e9ventail de comp\u00e9tences. Les ressources suivantes ont \u00e9t\u00e9 rassembl\u00e9es pour enrichir vos connaissances.<\/span>[\/vc_column_text][\/vc_column][\/vc_row][vc_row type=\u00a0\u00bbin_container\u00a0\u00bb full_screen_row_position=\u00a0\u00bbmiddle\u00a0\u00bb column_margin=\u00a0\u00bbdefault\u00a0\u00bb column_direction=\u00a0\u00bbdefault\u00a0\u00bb column_direction_tablet=\u00a0\u00bbdefault\u00a0\u00bb column_direction_phone=\u00a0\u00bbdefault\u00a0\u00bb scene_position=\u00a0\u00bbcenter\u00a0\u00bb text_color=\u00a0\u00bbdark\u00a0\u00bb text_align=\u00a0\u00bbleft\u00a0\u00bb row_border_radius=\u00a0\u00bbnone\u00a0\u00bb row_border_radius_applies=\u00a0\u00bbbg\u00a0\u00bb id=\u00a0\u00bbrow-accordion\u00a0\u00bb overlay_strength=\u00a0\u00bb0.3&Prime; gradient_direction=\u00a0\u00bbleft_to_right\u00a0\u00bb shape_divider_position=\u00a0\u00bbbottom\u00a0\u00bb bg_image_animation=\u00a0\u00bbnone\u00a0\u00bb shape_type=\u00a0\u00bb\u00a0\u00bb][vc_column column_padding=\u00a0\u00bbno-extra-padding\u00a0\u00bb column_padding_tablet=\u00a0\u00bbinherit\u00a0\u00bb column_padding_phone=\u00a0\u00bbinherit\u00a0\u00bb column_padding_position=\u00a0\u00bball\u00a0\u00bb column_element_spacing=\u00a0\u00bbdefault\u00a0\u00bb background_color_opacity=\u00a0\u00bb1&Prime; background_hover_color_opacity=\u00a0\u00bb1&Prime; column_shadow=\u00a0\u00bbnone\u00a0\u00bb column_border_radius=\u00a0\u00bbnone\u00a0\u00bb column_link_target=\u00a0\u00bb_self\u00a0\u00bb gradient_direction=\u00a0\u00bbleft_to_right\u00a0\u00bb overlay_strength=\u00a0\u00bb0.3&Prime; width=\u00a0\u00bb1\/1&Prime; tablet_width_inherit=\u00a0\u00bbdefault\u00a0\u00bb tablet_text_alignment=\u00a0\u00bbdefault\u00a0\u00bb phone_text_alignment=\u00a0\u00bbdefault\u00a0\u00bb bg_image_animation=\u00a0\u00bbnone\u00a0\u00bb border_type=\u00a0\u00bbsimple\u00a0\u00bb column_border_width=\u00a0\u00bbnone\u00a0\u00bb column_border_style=\u00a0\u00bbsolid\u00a0\u00bb][toggles style=\u00a0\u00bbdefault\u00a0\u00bb accordion=\u00a0\u00bbtrue\u00a0\u00bb accordion_starting_functionality=\u00a0\u00bbclosed\u00a0\u00bb][toggle color=\u00a0\u00bbDefault\u00a0\u00bb title=\u00a0\u00bbPlan de ferme environnemental\u00a0\u00bb][vc_column_text]<span style=\"font-weight: 400;\">Connaissez-vous les points forts et les risques de votre exploitation agricole sur le plan environnemental? Un plan de ferme environnemental est un outil confidentiel qui permet de d\u00e9terminer ces forces et faiblesses.<\/span><\/p>\n<p><span style=\"font-weight: 400;\">Des coordonnateurs de PFE, \u00e0 l\u2019Alliance agricole du Nouveau-Brunswick, ainsi que des agronomes de l\u2019Association pour l\u2019am\u00e9lioration du sol et des cultures du Nouveau-Brunswick peuvent vous aider \u00e0 cr\u00e9er un tel plan.<\/span><\/p>\n<p><a href=\"https:\/\/fermenbfarm.ca\/environnement\/pfe\/?lang=fr\" target=\"_blank\" rel=\"noopener\"><span style=\"font-weight: 400;\">En savoir plus<\/span><\/a>[\/vc_column_text][\/toggle][toggle color=\u00a0\u00bbDefault\u00a0\u00bb title=\u00a0\u00bbCours en agriculture\u00a0\u00bb][vc_column_text]<span style=\"font-weight: 400;\">Vous souhaitez \u00e9tudier en agriculture? Il existe au Canada atlantique des programmes pour cultiver votre int\u00e9r\u00eat :\u00a0<\/span><\/p>\n<p><a href=\"https:\/\/www.dal.ca\/about-dal\/agricultural-campus.html\" target=\"_blank\" rel=\"noopener\">Facult\u00e9 d\u2019agriculture de l\u2019Universit\u00e9 Dalhousie<\/a><\/p>\n<p><a href=\"https:\/\/www.hayesfarm.ca\/education\" target=\"_blank\" rel=\"noopener\">Hayes Farm, Fredericton, N.-B. <\/a><\/p>\n<p><a href=\"https:\/\/www.veterinairesaucanada.net\/resources\/colleges\" target=\"_blank\" rel=\"noopener\">Programmes de m\u00e9decine v\u00e9t\u00e9rinaire au Canada<\/a>[\/vc_column_text][\/toggle][toggle color=\u00a0\u00bbDefault\u00a0\u00bb title=\u00a0\u00bbLicences et ateliers\u00a0\u00bb][vc_column_text]<span style=\"font-weight: 400;\">Renseignez-vous sur les permis n\u00e9cessaires pour votre exploitation agricole ainsi que sur les ateliers pour cultiver vos comp\u00e9tences :<\/span><\/p>\n<p><a href=\"https:\/\/www.canadagap.ca\/fr\/\" target=\"_blank\" rel=\"noopener\"><span style=\"font-weight: 400;\">CanadaGAP\u00a0: S\u00e9curit\u00e9 alimentaire<\/span><\/a><\/p>\n<p><a href=\"https:\/\/www2.gnb.ca\/content\/gnb\/fr\/services\/services_renderer.2876.Licence_d_exploitant_de_pesticides.html\" target=\"_blank\" rel=\"noopener\">Licences pour les pesticides<\/a><\/p>\n<p><a href=\"https:\/\/www.casa-acsa.ca\/fr\/formation\/\" target=\"_blank\" rel=\"noopener\"><span style=\"font-weight: 400;\">Cours sur la s\u00e9curit\u00e9 agricole<\/span><\/a>[\/vc_column_text][\/toggle][toggle color=\u00a0\u00bbDefault\u00a0\u00bb title=\u00a0\u00bbPlanification d\u2019entreprise\u00a0\u00bb][vc_column_text]<span style=\"font-weight: 400;\">L\u2019agriculture n\u00e9cessite divers types de comp\u00e9tences, notamment comment g\u00e9rer efficacement une entreprise. Ces outils et services sont con\u00e7us pour am\u00e9liorer vos connaissances et vous guider :<\/span><\/p>\n<p><a href=\"http:\/\/www.ams-sag.ca\/fr\/phone\/index.html\" target=\"_blank\" rel=\"noopener\"><span style=\"font-weight: 400;\">Services d\u2019agri-gestion<\/span><\/a><\/p>\n<p><a href=\"https:\/\/3e71d721-baf7-4e90-87ae-2ee74f0e421b.filesusr.com\/ugd\/b6aed4_383b1b5e056345168187a6e1542cb734.pdf\" target=\"_blank\" rel=\"noopener\"><span style=\"font-weight: 400;\">Agents de croissance des entreprises du minist\u00e8re de l\u2019Agriculture, de l\u2019Aquaculture et des P\u00eaches<\/span><\/a><\/p>\n<p><a href=\"https:\/\/www.fcc-fac.ca\/fr\/savoir.html\" target=\"_blank\" rel=\"noopener\"><span style=\"font-weight: 400;\">Financement agricole Canada<\/span><\/a><\/p>\n<p><a href=\"https:\/\/fermenbfarm.ca\/ressources\/guide-de-succession-du-n-b\/?lang=fr\" target=\"_blank\" rel=\"noopener\"><span style=\"font-weight: 400;\">Planifier la rel\u00e8ve<\/span><\/a>[\/vc_column_text][\/toggle][\/toggles][\/vc_column][\/vc_row]\n","protected":false},"excerpt":{"rendered":"<p>[vc_row type=\u00a0\u00bbfull_width_background\u00a0\u00bb full_screen_row_position=\u00a0\u00bbmiddle\u00a0\u00bb column_margin=\u00a0\u00bbdefault\u00a0\u00bb column_direction=\u00a0\u00bbdefault\u00a0\u00bb column_direction_tablet=\u00a0\u00bbdefault\u00a0\u00bb column_direction_phone=\u00a0\u00bbdefault\u00a0\u00bb bg_image=\u00a0\u00bb5904&Prime; bg_position=\u00a0\u00bbcenter bottom\u00a0\u00bb background_image_loading=\u00a0\u00bbdefault\u00a0\u00bb bg_repeat=\u00a0\u00bbno-repeat\u00a0\u00bb scene_position=\u00a0\u00bbcenter\u00a0\u00bb text_color=\u00a0\u00bblight\u00a0\u00bb text_align=\u00a0\u00bbcenter\u00a0\u00bb row_border_radius=\u00a0\u00bbnone\u00a0\u00bb row_border_radius_applies=\u00a0\u00bbbg\u00a0\u00bb class=\u00a0\u00bbbanner-level2&Prime; id=\u00a0\u00bbpage-banner\u00a0\u00bb overlay_strength=\u00a0\u00bb0.3&Prime; gradient_direction=\u00a0\u00bbleft_to_right\u00a0\u00bb shape_divider_position=\u00a0\u00bbbottom\u00a0\u00bb bg_image_animation=\u00a0\u00bbnone\u00a0\u00bb shape_type=\u00a0\u00bb\u00a0\u00bb][vc_column column_padding=\u00a0\u00bbno-extra-padding\u00a0\u00bb&#8230;<\/p>\n","protected":false},"author":6,"featured_media":0,"parent":6195,"menu_order":0,"comment_status":"closed","ping_status":"closed","template":"","meta":{"_editorskit_title_hidden":false,"_editorskit_reading_time":0,"_editorskit_is_block_options_detached":false,"_editorskit_block_options_position":"{}","footnotes":""},"class_list":["post-6564","page","type-page","status-publish"],"_links":{"self":[{"href":"https:\/\/agrinb.ca\/fr\/wp-json\/wp\/v2\/pages\/6564","targetHints":{"allow":["GET"]}}],"collection":[{"href":"https:\/\/agrinb.ca\/fr\/wp-json\/wp\/v2\/pages"}],"about":[{"href":"https:\/\/agrinb.ca\/fr\/wp-json\/wp\/v2\/types\/page"}],"author":[{"embeddable":true,"href":"https:\/\/agrinb.ca\/fr\/wp-json\/wp\/v2\/users\/6"}],"replies":[{"embeddable":true,"href":"https:\/\/agrinb.ca\/fr\/wp-json\/wp\/v2\/comments?post=6564"}],"version-history":[{"count":1,"href":"https:\/\/agrinb.ca\/fr\/wp-json\/wp\/v2\/pages\/6564\/revisions"}],"predecessor-version":[{"id":8054,"href":"https:\/\/agrinb.ca\/fr\/wp-json\/wp\/v2\/pages\/6564\/revisions\/8054"}],"up":[{"embeddable":true,"href":"https:\/\/agrinb.ca\/fr\/wp-json\/wp\/v2\/pages\/6195"}],"wp:attachment":[{"href":"https:\/\/agrinb.ca\/fr\/wp-json\/wp\/v2\/media?parent=6564"}],"curies":[{"name":"wp","href":"https:\/\/api.w.org\/{rel}","templated":true}]}}