{"id":72994,"date":"2024-07-31T10:25:55","date_gmt":"2024-07-31T13:25:55","guid":{"rendered":"https:\/\/agrinb.ca\/carrieres-en-agriculture\/emplois\/inscription-des-nouveaux-demandeurs-demploi\/"},"modified":"2024-09-05T08:33:59","modified_gmt":"2024-09-05T11:33:59","slug":"inscription-des-chercheurs-demploi","status":"publish","type":"page","link":"https:\/\/agrinb.ca\/fr\/carrieres-en-agriculture\/emplois\/inscription-des-chercheurs-demploi\/","title":{"rendered":"Inscription des chercheurs d&#8217;emploi"},"content":{"rendered":"[vc_row type=\u00a0\u00bbfull_width_background\u00a0\u00bb full_screen_row_position=\u00a0\u00bbmiddle\u00a0\u00bb column_margin=\u00a0\u00bbdefault\u00a0\u00bb column_direction=\u00a0\u00bbdefault\u00a0\u00bb column_direction_tablet=\u00a0\u00bbdefault\u00a0\u00bb column_direction_phone=\u00a0\u00bbdefault\u00a0\u00bb bg_image=\u00a0\u00bb6033&Prime; bg_position=\u00a0\u00bbcenter bottom\u00a0\u00bb background_image_loading=\u00a0\u00bbdefault\u00a0\u00bb bg_repeat=\u00a0\u00bbno-repeat\u00a0\u00bb scene_position=\u00a0\u00bbcenter\u00a0\u00bb text_color=\u00a0\u00bblight\u00a0\u00bb text_align=\u00a0\u00bbcenter\u00a0\u00bb row_border_radius=\u00a0\u00bbnone\u00a0\u00bb row_border_radius_applies=\u00a0\u00bbbg\u00a0\u00bb class=\u00a0\u00bbbanner-level2 career\u00a0\u00bb id=\u00a0\u00bbpage-banner\u00a0\u00bb overlay_strength=\u00a0\u00bb0.3&Prime; gradient_direction=\u00a0\u00bbleft_to_right\u00a0\u00bb shape_divider_position=\u00a0\u00bbbottom\u00a0\u00bb bg_image_animation=\u00a0\u00bbnone\u00a0\u00bb wpb-mbs-restrict-role=\u00a0\u00bball\u00a0\u00bb wpb-mbs-restrict-select-user-roles=\u00a0\u00bbadministrator\u00a0\u00bb wpb-mbs-restrict-capabilities=\u00a0\u00bb\u00a0\u00bb wpb-mbs-restrict-users-selected=\u00a0\u00bb11&Prime; wpb-mbs-restrict-devices-selected=\u00a0\u00bbmobile\u00a0\u00bb wpb-mbs-restrict-countries-selected=\u00a0\u00bbAF\u00a0\u00bb wpb-mbs-message-type=\u00a0\u00bb\u00a0\u00bb wpb-mbs-restrict-custom-message=\u00a0\u00bbWW91IGRvIG5vdCBjdXJyZW50bHkgaGF2ZSBwZXJtaXNzaW9uIHRvIHZpZXcgdGhpcyBjb250ZW50Lg==\u00a0\u00bb shape_type=\u00a0\u00bb\u00a0\u00bb wpb-mbs-restrict-checkbox=\u00a0\u00bb\u00a0\u00bb wpb-mbs-restrict-custom-template=\u00a0\u00bb\u00a0\u00bb][vc_column column_padding=\u00a0\u00bbno-extra-padding\u00a0\u00bb column_padding_tablet=\u00a0\u00bbinherit\u00a0\u00bb column_padding_phone=\u00a0\u00bbinherit\u00a0\u00bb column_padding_position=\u00a0\u00bball\u00a0\u00bb column_element_spacing=\u00a0\u00bbdefault\u00a0\u00bb background_color_opacity=\u00a0\u00bb1&Prime; background_hover_color_opacity=\u00a0\u00bb1&Prime; column_shadow=\u00a0\u00bbnone\u00a0\u00bb column_border_radius=\u00a0\u00bbnone\u00a0\u00bb column_link_target=\u00a0\u00bb_self\u00a0\u00bb gradient_direction=\u00a0\u00bbleft_to_right\u00a0\u00bb overlay_strength=\u00a0\u00bb0.3&Prime; width=\u00a0\u00bb1\/1&Prime; tablet_width_inherit=\u00a0\u00bbdefault\u00a0\u00bb tablet_text_alignment=\u00a0\u00bbdefault\u00a0\u00bb phone_text_alignment=\u00a0\u00bbdefault\u00a0\u00bb bg_image_animation=\u00a0\u00bbnone\u00a0\u00bb border_type=\u00a0\u00bbsimple\u00a0\u00bb column_border_width=\u00a0\u00bbnone\u00a0\u00bb column_border_style=\u00a0\u00bbsolid\u00a0\u00bb wpb-mbs-restrict-role=\u00a0\u00bball\u00a0\u00bb wpb-mbs-restrict-select-user-roles=\u00a0\u00bbadministrator\u00a0\u00bb wpb-mbs-restrict-capabilities=\u00a0\u00bb\u00a0\u00bb wpb-mbs-restrict-users-selected=\u00a0\u00bb11&Prime; wpb-mbs-restrict-devices-selected=\u00a0\u00bbmobile\u00a0\u00bb wpb-mbs-restrict-countries-selected=\u00a0\u00bbAF\u00a0\u00bb wpb-mbs-message-type=\u00a0\u00bb\u00a0\u00bb wpb-mbs-restrict-custom-message=\u00a0\u00bbWW91IGRvIG5vdCBjdXJyZW50bHkgaGF2ZSBwZXJtaXNzaW9uIHRvIHZpZXcgdGhpcyBjb250ZW50Lg==\u00a0\u00bb][vc_column_text wpb-mbs-restrict-role=\u00a0\u00bball\u00a0\u00bb wpb-mbs-restrict-select-user-roles=\u00a0\u00bbadministrator\u00a0\u00bb wpb-mbs-restrict-capabilities=\u00a0\u00bb\u00a0\u00bb wpb-mbs-restrict-users-selected=\u00a0\u00bb\u00a0\u00bb wpb-mbs-restrict-devices-selected=\u00a0\u00bbmobile\u00a0\u00bb wpb-mbs-restrict-countries-selected=\u00a0\u00bbAF\u00a0\u00bb wpb-mbs-message-type=\u00a0\u00bb\u00a0\u00bb wpb-mbs-restrict-custom-message=\u00a0\u00bbWW91IGRvIG5vdCBjdXJyZW50bHkgaGF2ZSBwZXJtaXNzaW9uIHRvIHZpZXcgdGhpcyBjb250ZW50Lg==\u00a0\u00bb wpb-mbs-restrict-checkbox=\u00a0\u00bb\u00a0\u00bb wpb-mbs-restrict-custom-template=\u00a0\u00bb\u00a0\u00bb]\n<h1>Inscription\u00a0des chercheurs d\u2019emploi<\/h1>\n[\/vc_column_text][\/vc_column][\/vc_row][vc_row type=\u00a0\u00bbin_container\u00a0\u00bb full_screen_row_position=\u00a0\u00bbmiddle\u00a0\u00bb column_margin=\u00a0\u00bbdefault\u00a0\u00bb column_direction=\u00a0\u00bbdefault\u00a0\u00bb column_direction_tablet=\u00a0\u00bbdefault\u00a0\u00bb column_direction_phone=\u00a0\u00bbdefault\u00a0\u00bb scene_position=\u00a0\u00bbcenter\u00a0\u00bb text_color=\u00a0\u00bbdark\u00a0\u00bb text_align=\u00a0\u00bbleft\u00a0\u00bb row_border_radius=\u00a0\u00bbnone\u00a0\u00bb row_border_radius_applies=\u00a0\u00bbbg\u00a0\u00bb overlay_strength=\u00a0\u00bb0.3&Prime; gradient_direction=\u00a0\u00bbleft_to_right\u00a0\u00bb shape_divider_position=\u00a0\u00bbbottom\u00a0\u00bb bg_image_animation=\u00a0\u00bbnone\u00a0\u00bb wpb-mbs-restrict-role=\u00a0\u00bball\u00a0\u00bb wpb-mbs-restrict-select-user-roles=\u00a0\u00bbadministrator\u00a0\u00bb wpb-mbs-restrict-capabilities=\u00a0\u00bb\u00a0\u00bb wpb-mbs-restrict-users-selected=\u00a0\u00bb11&Prime; wpb-mbs-restrict-devices-selected=\u00a0\u00bbmobile\u00a0\u00bb wpb-mbs-restrict-countries-selected=\u00a0\u00bbAF\u00a0\u00bb wpb-mbs-message-type=\u00a0\u00bb\u00a0\u00bb wpb-mbs-restrict-custom-message=\u00a0\u00bbWW91IGRvIG5vdCBjdXJyZW50bHkgaGF2ZSBwZXJtaXNzaW9uIHRvIHZpZXcgdGhpcyBjb250ZW50Lg==\u00a0\u00bb][vc_column column_padding=\u00a0\u00bbno-extra-padding\u00a0\u00bb column_padding_tablet=\u00a0\u00bbinherit\u00a0\u00bb column_padding_phone=\u00a0\u00bbinherit\u00a0\u00bb column_padding_position=\u00a0\u00bball\u00a0\u00bb column_element_spacing=\u00a0\u00bbdefault\u00a0\u00bb background_color_opacity=\u00a0\u00bb1&Prime; background_hover_color_opacity=\u00a0\u00bb1&Prime; column_shadow=\u00a0\u00bbnone\u00a0\u00bb column_border_radius=\u00a0\u00bbnone\u00a0\u00bb column_link_target=\u00a0\u00bb_self\u00a0\u00bb gradient_direction=\u00a0\u00bbleft_to_right\u00a0\u00bb overlay_strength=\u00a0\u00bb0.3&Prime; width=\u00a0\u00bb1\/1&Prime; tablet_width_inherit=\u00a0\u00bbdefault\u00a0\u00bb tablet_text_alignment=\u00a0\u00bbdefault\u00a0\u00bb phone_text_alignment=\u00a0\u00bbdefault\u00a0\u00bb bg_image_animation=\u00a0\u00bbnone\u00a0\u00bb border_type=\u00a0\u00bbsimple\u00a0\u00bb column_border_width=\u00a0\u00bbnone\u00a0\u00bb column_border_style=\u00a0\u00bbsolid\u00a0\u00bb wpb-mbs-restrict-role=\u00a0\u00bball\u00a0\u00bb wpb-mbs-restrict-select-user-roles=\u00a0\u00bbadministrator\u00a0\u00bb wpb-mbs-restrict-capabilities=\u00a0\u00bb\u00a0\u00bb wpb-mbs-restrict-users-selected=\u00a0\u00bb11&Prime; wpb-mbs-restrict-devices-selected=\u00a0\u00bbmobile\u00a0\u00bb wpb-mbs-restrict-countries-selected=\u00a0\u00bbAF\u00a0\u00bb wpb-mbs-message-type=\u00a0\u00bb\u00a0\u00bb wpb-mbs-restrict-custom-message=\u00a0\u00bbWW91IGRvIG5vdCBjdXJyZW50bHkgaGF2ZSBwZXJtaXNzaW9uIHRvIHZpZXcgdGhpcyBjb250ZW50Lg==\u00a0\u00bb][vc_column_text wpb-mbs-restrict-role=\u00a0\u00bball\u00a0\u00bb wpb-mbs-restrict-select-user-roles=\u00a0\u00bbadministrator\u00a0\u00bb wpb-mbs-restrict-capabilities=\u00a0\u00bb\u00a0\u00bb wpb-mbs-restrict-users-selected=\u00a0\u00bb189&Prime; wpb-mbs-restrict-devices-selected=\u00a0\u00bbmobile\u00a0\u00bb wpb-mbs-restrict-countries-selected=\u00a0\u00bbAF\u00a0\u00bb wpb-mbs-message-type=\u00a0\u00bb\u00a0\u00bb wpb-mbs-restrict-custom-message=\u00a0\u00bbWW91IGRvIG5vdCBjdXJyZW50bHkgaGF2ZSBwZXJtaXNzaW9uIHRvIHZpZXcgdGhpcyBjb250ZW50Lg==\u00a0\u00bb wpb-mbs-restrict-checkbox=\u00a0\u00bb\u00a0\u00bb wpb-mbs-restrict-custom-template=\u00a0\u00bb\u00a0\u00bb]Les informations soumises \u00e0 AgriNB seront utilis\u00e9es dans le seul but de recevoir des courriels d\u2019alerte sur les offres d\u2019emploi.<br \/>\nVos informations ne seront pas partag\u00e9es avec des sources externes. Veuillez postuler aux offres d\u2019emploi de la mani\u00e8re requise par l\u2019employeur.<br \/>\n<em><strong>Les employ\u00e9s doivent \u00eatre l\u00e9galement autoris\u00e9s \u00e0 travailler \u00e0 temps plein au Canada; ils doivent \u00eatre titulaires d\u2019une citoyennet\u00e9 canadienne, d\u2019un statut de r\u00e9sident permanent ou d\u2019un permis de travail valide.<\/strong><\/em><br \/>\nLes champs marqu\u00e9s d\u2019un ast\u00e9risque rouge<span style=\"color: #ff4f55;\">*<\/span> sont obligatoires<br \/>\nSi vous rencontrez des difficult\u00e9s, veuillez envoyer un courriel \u00e0 l\u2019adresse suivante: <a href=\"mailto:evolution@agrinb.ca\">evolution@agrinb.ca<\/a>[\/vc_column_text][\/vc_column][\/vc_row][vc_row type=\u00a0\u00bbin_container\u00a0\u00bb full_screen_row_position=\u00a0\u00bbmiddle\u00a0\u00bb column_margin=\u00a0\u00bbdefault\u00a0\u00bb column_direction=\u00a0\u00bbdefault\u00a0\u00bb column_direction_tablet=\u00a0\u00bbdefault\u00a0\u00bb column_direction_phone=\u00a0\u00bbdefault\u00a0\u00bb bg_color=\u00a0\u00bb#ffffff\u00a0\u00bb scene_position=\u00a0\u00bbcenter\u00a0\u00bb bottom_padding=\u00a0\u00bb40&Prime; text_color=\u00a0\u00bbdark\u00a0\u00bb text_align=\u00a0\u00bbleft\u00a0\u00bb row_border_radius=\u00a0\u00bbnone\u00a0\u00bb row_border_radius_applies=\u00a0\u00bbbg\u00a0\u00bb overlay_strength=\u00a0\u00bb0.3&Prime; gradient_direction=\u00a0\u00bbleft_to_right\u00a0\u00bb shape_divider_position=\u00a0\u00bbbottom\u00a0\u00bb bg_image_animation=\u00a0\u00bbnone\u00a0\u00bb wpb-mbs-restrict-role=\u00a0\u00bball\u00a0\u00bb wpb-mbs-restrict-select-user-roles=\u00a0\u00bbadministrator\u00a0\u00bb wpb-mbs-restrict-capabilities=\u00a0\u00bb\u00a0\u00bb wpb-mbs-restrict-users-selected=\u00a0\u00bb\u00a0\u00bb wpb-mbs-restrict-devices-selected=\u00a0\u00bbmobile\u00a0\u00bb wpb-mbs-restrict-countries-selected=\u00a0\u00bbAF\u00a0\u00bb wpb-mbs-message-type=\u00a0\u00bb\u00a0\u00bb wpb-mbs-restrict-custom-message=\u00a0\u00bbWW91IGRvIG5vdCBjdXJyZW50bHkgaGF2ZSBwZXJtaXNzaW9uIHRvIHZpZXcgdGhpcyBjb250ZW50Lg==\u00a0\u00bb shape_type=\u00a0\u00bb\u00a0\u00bb wpb-mbs-restrict-checkbox=\u00a0\u00bb\u00a0\u00bb wpb-mbs-restrict-custom-template=\u00a0\u00bb\u00a0\u00bb][vc_column column_padding=\u00a0\u00bbno-extra-padding\u00a0\u00bb column_padding_tablet=\u00a0\u00bbinherit\u00a0\u00bb column_padding_phone=\u00a0\u00bbinherit\u00a0\u00bb column_padding_position=\u00a0\u00bball\u00a0\u00bb column_element_spacing=\u00a0\u00bbdefault\u00a0\u00bb background_color_opacity=\u00a0\u00bb1&Prime; background_hover_color_opacity=\u00a0\u00bb1&Prime; column_shadow=\u00a0\u00bbnone\u00a0\u00bb column_border_radius=\u00a0\u00bbnone\u00a0\u00bb column_link_target=\u00a0\u00bb_self\u00a0\u00bb gradient_direction=\u00a0\u00bbleft_to_right\u00a0\u00bb overlay_strength=\u00a0\u00bb0.3&Prime; width=\u00a0\u00bb1\/1&Prime; tablet_width_inherit=\u00a0\u00bbdefault\u00a0\u00bb tablet_text_alignment=\u00a0\u00bbdefault\u00a0\u00bb phone_text_alignment=\u00a0\u00bbdefault\u00a0\u00bb bg_image_animation=\u00a0\u00bbnone\u00a0\u00bb border_type=\u00a0\u00bbsimple\u00a0\u00bb column_border_width=\u00a0\u00bbnone\u00a0\u00bb column_border_style=\u00a0\u00bbsolid\u00a0\u00bb wpb-mbs-restrict-role=\u00a0\u00bball\u00a0\u00bb wpb-mbs-restrict-select-user-roles=\u00a0\u00bbadministrator\u00a0\u00bb wpb-mbs-restrict-capabilities=\u00a0\u00bb\u00a0\u00bb wpb-mbs-restrict-users-selected=\u00a0\u00bb11&Prime; wpb-mbs-restrict-devices-selected=\u00a0\u00bbmobile\u00a0\u00bb wpb-mbs-restrict-countries-selected=\u00a0\u00bbAF\u00a0\u00bb wpb-mbs-message-type=\u00a0\u00bb\u00a0\u00bb wpb-mbs-restrict-custom-message=\u00a0\u00bbWW91IGRvIG5vdCBjdXJyZW50bHkgaGF2ZSBwZXJtaXNzaW9uIHRvIHZpZXcgdGhpcyBjb250ZW50Lg==\u00a0\u00bb][vc_raw_html wpb-mbs-restrict-role=\u00a0\u00bball\u00a0\u00bb wpb-mbs-restrict-select-user-roles=\u00a0\u00bbadministrator\u00a0\u00bb wpb-mbs-restrict-capabilities=\u00a0\u00bb\u00a0\u00bb wpb-mbs-restrict-users-selected=\u00a0\u00bb189&Prime; wpb-mbs-restrict-devices-selected=\u00a0\u00bbmobile\u00a0\u00bb wpb-mbs-restrict-countries-selected=\u00a0\u00bbAF\u00a0\u00bb wpb-mbs-message-type=\u00a0\u00bb\u00a0\u00bb wpb-mbs-restrict-custom-message=\u00a0\u00bbWW91IGRvIG5vdCBjdXJyZW50bHkgaGF2ZSBwZXJtaXNzaW9uIHRvIHZpZXcgdGhpcyBjb250ZW50Lg==\u00a0\u00bb wpb-mbs-restrict-checkbox=\u00a0\u00bb\u00a0\u00bb wpb-mbs-restrict-custom-template=\u00a0\u00bb\u00a0\u00bb]JTVCdXNlcl9yZWdpc3RyYXRpb25fZm9ybSUyMGlkJTNEJTIyNzI5NTglMjIlNUQ=[\/vc_raw_html][\/vc_column][\/vc_row]\n","protected":false},"excerpt":{"rendered":"<p>[vc_row type=\u00a0\u00bbfull_width_background\u00a0\u00bb full_screen_row_position=\u00a0\u00bbmiddle\u00a0\u00bb column_margin=\u00a0\u00bbdefault\u00a0\u00bb column_direction=\u00a0\u00bbdefault\u00a0\u00bb column_direction_tablet=\u00a0\u00bbdefault\u00a0\u00bb column_direction_phone=\u00a0\u00bbdefault\u00a0\u00bb bg_image=\u00a0\u00bb6033&Prime; bg_position=\u00a0\u00bbcenter bottom\u00a0\u00bb background_image_loading=\u00a0\u00bbdefault\u00a0\u00bb bg_repeat=\u00a0\u00bbno-repeat\u00a0\u00bb scene_position=\u00a0\u00bbcenter\u00a0\u00bb text_color=\u00a0\u00bblight\u00a0\u00bb text_align=\u00a0\u00bbcenter\u00a0\u00bb row_border_radius=\u00a0\u00bbnone\u00a0\u00bb row_border_radius_applies=\u00a0\u00bbbg\u00a0\u00bb class=\u00a0\u00bbbanner-level2 career\u00a0\u00bb id=\u00a0\u00bbpage-banner\u00a0\u00bb overlay_strength=\u00a0\u00bb0.3&Prime; gradient_direction=\u00a0\u00bbleft_to_right\u00a0\u00bb shape_divider_position=\u00a0\u00bbbottom\u00a0\u00bb bg_image_animation=\u00a0\u00bbnone\u00a0\u00bb wpb-mbs-restrict-role=\u00a0\u00bball\u00a0\u00bb&#8230;<\/p>\n","protected":false},"author":18,"featured_media":0,"parent":8298,"menu_order":10,"comment_status":"closed","ping_status":"closed","template":"","meta":{"_editorskit_title_hidden":false,"_editorskit_reading_time":0,"_editorskit_is_block_options_detached":false,"_editorskit_block_options_position":"{}","footnotes":""},"class_list":["post-72994","page","type-page","status-publish"],"_links":{"self":[{"href":"https:\/\/agrinb.ca\/fr\/wp-json\/wp\/v2\/pages\/72994","targetHints":{"allow":["GET"]}}],"collection":[{"href":"https:\/\/agrinb.ca\/fr\/wp-json\/wp\/v2\/pages"}],"about":[{"href":"https:\/\/agrinb.ca\/fr\/wp-json\/wp\/v2\/types\/page"}],"author":[{"embeddable":true,"href":"https:\/\/agrinb.ca\/fr\/wp-json\/wp\/v2\/users\/18"}],"replies":[{"embeddable":true,"href":"https:\/\/agrinb.ca\/fr\/wp-json\/wp\/v2\/comments?post=72994"}],"version-history":[{"count":6,"href":"https:\/\/agrinb.ca\/fr\/wp-json\/wp\/v2\/pages\/72994\/revisions"}],"predecessor-version":[{"id":73107,"href":"https:\/\/agrinb.ca\/fr\/wp-json\/wp\/v2\/pages\/72994\/revisions\/73107"}],"up":[{"embeddable":true,"href":"https:\/\/agrinb.ca\/fr\/wp-json\/wp\/v2\/pages\/8298"}],"wp:attachment":[{"href":"https:\/\/agrinb.ca\/fr\/wp-json\/wp\/v2\/media?parent=72994"}],"curies":[{"name":"wp","href":"https:\/\/api.w.org\/{rel}","templated":true}]}}